{"id":9,"date":"2016-08-08T14:44:06","date_gmt":"2016-08-08T12:44:06","guid":{"rendered":"http:\/\/www.haarakzent.ch\/?page_id=9"},"modified":"2026-01-04T00:44:02","modified_gmt":"2026-01-04T00:44:02","slug":"home","status":"publish","type":"page","link":"https:\/\/haarakzent.ch\/","title":{"rendered":"Home"},"content":{"rendered":"<div class=\"description long\">\n<p>Moderne Frisuren, tolle Farbenspiele und intensive M\u00e9ches &#8211; der Coiffeursalon Haarakzent im Herzen Z\u00fcrichs bietet Ihnen eine entspannende Wohlf\u00fchloase, wo sich alles um Ihr Haar dreht.<\/p>\n<p>Bei einem pers\u00f6nlichen Gespr\u00e4ch werden Sie individuell und typgerecht beraten, sodass ein Look kreiert wird, der perfekt zu Ihnen passt. Sie stehen im Mittelpunkt, Ihre Pers\u00f6nlichkeit soll mit Ihrer neuen Frisur, der neuen Haarfarbe oder der glanzvollen Manicure unterstrichen werden.<\/p>\n<p>Meine Spezialit\u00e4ten sind Haarschnitte und Stylings f\u00fcr Damen, Herren und Kinder sowie verspielte Hochsteck- und Brautfrisuren. Hochklassige Produkte der Marke Trinity Haircare und Redken verw\u00f6hnen Ihre Sinne und pflegen Ihr Haar gleichzeitig in den Tiefen.<\/p>\n<p><a href=\"https:\/\/haarakzent.ch\/wp-content\/uploads\/2026\/01\/Gutschein_Visitenkarte.pdf\"><img loading=\"lazy\" decoding=\"async\" class=\"alignright wp-image-97\" src=\"https:\/\/haarakzent.ch\/wp-content\/uploads\/2026\/01\/Button.jpg\" alt=\"\" width=\"137\" height=\"137\" srcset=\"https:\/\/haarakzent.ch\/wp-content\/uploads\/2026\/01\/Button.jpg 300w, https:\/\/haarakzent.ch\/wp-content\/uploads\/2026\/01\/Button-150x150.jpg 150w\" sizes=\"auto, (max-width: 137px) 100vw, 137px\" \/><\/a><\/p>\n<p>&nbsp;<\/p>\n<p>Vereinbaren Sie jetzt einen Termin unter 044 252 77 13.<br \/>\nIch freue mich auf Ihren Besuch!<br \/>\nDaniela Csuka<\/p>\n<\/div>\n<p>&nbsp;<\/p>\n<p><a href=\"https:\/\/www.facebook.com\/haarakzent\"><img loading=\"lazy\" decoding=\"async\" class=\"alignnone wp-image-153\" src=\"https:\/\/haarakzent.ch\/wp-content\/uploads\/2026\/01\/2000px-F_icon.svg_-300x300.png\" alt=\"\" width=\"50\" height=\"50\" srcset=\"https:\/\/haarakzent.ch\/wp-content\/uploads\/2026\/01\/2000px-F_icon.svg_-300x300.png 300w, https:\/\/haarakzent.ch\/wp-content\/uploads\/2026\/01\/2000px-F_icon.svg_-1024x1024.png 1024w, https:\/\/haarakzent.ch\/wp-content\/uploads\/2026\/01\/2000px-F_icon.svg_-150x150.png 150w, https:\/\/haarakzent.ch\/wp-content\/uploads\/2026\/01\/2000px-F_icon.svg_-768x768.png 768w, https:\/\/haarakzent.ch\/wp-content\/uploads\/2026\/01\/2000px-F_icon.svg_-1536x1536.png 1536w, https:\/\/haarakzent.ch\/wp-content\/uploads\/2026\/01\/2000px-F_icon.svg_.png 2000w\" sizes=\"auto, (max-width: 50px) 100vw, 50px\" \/><\/a><\/p>\n","protected":false},"excerpt":{"rendered":"<p>Moderne Frisuren, tolle Farbenspiele und intensive M\u00e9ches &#8211; der Coiffeursalon Haarakzent im Herzen Z\u00fcrichs bietet Ihnen eine entspannende Wohlf\u00fchloase, wo sich alles um Ihr Haar dreht. Bei einem pers\u00f6nlichen Gespr\u00e4ch werden Sie individuell und typgerecht beraten, sodass ein Look kreiert<\/p>\n","protected":false},"author":1,"featured_media":0,"parent":0,"menu_order":0,"comment_status":"closed","ping_status":"closed","template":"","meta":{"footnotes":""},"class_list":["post-9","page","type-page","status-publish","hentry"],"_links":{"self":[{"href":"https:\/\/haarakzent.ch\/index.php?rest_route=\/wp\/v2\/pages\/9","targetHints":{"allow":["GET"]}}],"collection":[{"href":"https:\/\/haarakzent.ch\/index.php?rest_route=\/wp\/v2\/pages"}],"about":[{"href":"https:\/\/haarakzent.ch\/index.php?rest_route=\/wp\/v2\/types\/page"}],"author":[{"embeddable":true,"href":"https:\/\/haarakzent.ch\/index.php?rest_route=\/wp\/v2\/users\/1"}],"replies":[{"embeddable":true,"href":"https:\/\/haarakzent.ch\/index.php?rest_route=%2Fwp%2Fv2%2Fcomments&post=9"}],"version-history":[{"count":4,"href":"https:\/\/haarakzent.ch\/index.php?rest_route=\/wp\/v2\/pages\/9\/revisions"}],"predecessor-version":[{"id":173,"href":"https:\/\/haarakzent.ch\/index.php?rest_route=\/wp\/v2\/pages\/9\/revisions\/173"}],"wp:attachment":[{"href":"https:\/\/haarakzent.ch\/index.php?rest_route=%2Fwp%2Fv2%2Fmedia&parent=9"}],"curies":[{"name":"wp","href":"https:\/\/api.w.org\/{rel}","templated":true}]}}