{"id":36,"date":"2016-08-08T16:02:09","date_gmt":"2016-08-08T14:02:09","guid":{"rendered":"http:\/\/www.haarakzent.ch\/?page_id=36"},"modified":"2026-01-04T23:07:25","modified_gmt":"2026-01-04T23:07:25","slug":"uber-mich","status":"publish","type":"page","link":"https:\/\/haarakzent.ch\/?page_id=36","title":{"rendered":"\u00dcber mich"},"content":{"rendered":"<p class=\"alignnone\"><img loading=\"lazy\" decoding=\"async\" class=\"alignnone wp-image-99\" src=\"https:\/\/haarakzent.ch\/wp-content\/uploads\/2026\/01\/daniela02-204x300.jpg\" alt=\"\" width=\"153\" height=\"225\" srcset=\"https:\/\/haarakzent.ch\/wp-content\/uploads\/2026\/01\/daniela02-204x300.jpg 204w, https:\/\/haarakzent.ch\/wp-content\/uploads\/2026\/01\/daniela02-695x1024.jpg 695w, https:\/\/haarakzent.ch\/wp-content\/uploads\/2026\/01\/daniela02-768x1132.jpg 768w, https:\/\/haarakzent.ch\/wp-content\/uploads\/2026\/01\/daniela02-1042x1536.jpg 1042w, https:\/\/haarakzent.ch\/wp-content\/uploads\/2026\/01\/daniela02.jpg 1072w\" sizes=\"auto, (max-width: 153px) 100vw, 153px\" \/>\u00a0 \u00a0<img loading=\"lazy\" decoding=\"async\" class=\"alignnone wp-image-100 size-full\" src=\"https:\/\/haarakzent.ch\/wp-content\/uploads\/2026\/01\/DSC05714_klein-1.jpg\" alt=\"\" width=\"229\" height=\"225\" \/>\u00a0 \u00a0<img loading=\"lazy\" decoding=\"async\" class=\"alignnone wp-image-88\" src=\"https:\/\/haarakzent.ch\/wp-content\/uploads\/2026\/01\/20181213_132402-300x214.jpg\" alt=\"\" width=\"315\" height=\"225\" srcset=\"https:\/\/haarakzent.ch\/wp-content\/uploads\/2026\/01\/20181213_132402-300x214.jpg 300w, https:\/\/haarakzent.ch\/wp-content\/uploads\/2026\/01\/20181213_132402-1024x732.jpg 1024w, https:\/\/haarakzent.ch\/wp-content\/uploads\/2026\/01\/20181213_132402-768x549.jpg 768w, https:\/\/haarakzent.ch\/wp-content\/uploads\/2026\/01\/20181213_132402-1536x1097.jpg 1536w, https:\/\/haarakzent.ch\/wp-content\/uploads\/2026\/01\/20181213_132402.jpg 2000w\" sizes=\"auto, (max-width: 315px) 100vw, 315px\" \/>\u00a0 \u00a0<img loading=\"lazy\" decoding=\"async\" class=\"alignnone wp-image-111 size-full\" src=\"https:\/\/haarakzent.ch\/wp-content\/uploads\/2026\/01\/FB_IMG_1510421618375_klein-e1527665742293.jpg\" alt=\"\" width=\"167\" height=\"225\" \/><\/p>\n<p>Mit meiner rund 30-j\u00e4hrigen Berufserfahrung arbeite ich mit den neuesten Haarschnitttechniken und biete Ihnen eine individuelle und kreative Farb-, M\u00e8ches- und Typ-Beratung an.<\/p>\n<p>Meine Spezialit\u00e4ten sind nat\u00fcrliche und pflegeleichte Haarschnitte und Stylings f\u00fcr Damen, Herren und Kinder, sowie Fest- und Hochzeitsfrisuren &#8211; verspielt, hochgesteckt oder lose.<\/p>\n<p>Mit HAARAKZENT biete ich Ihnen seit 1999 im Herzen von Z\u00fcrich eine ruhige und entspannende Wohlf\u00fchl-Oase, wo sich alles um Ihre Pers\u00f6nlichkeit dreht.<\/p>\n<p>F\u00fcr Terminvereinbarungen und Fragen erreichen Sie mich w\u00e4hrend den \u00d6ffnungszeiten unter 044 252 77 13.<\/p>\n<p>Ich freu mich auf Ihren Besuch, Daniela Csuka<\/p>\n","protected":false},"excerpt":{"rendered":"<p>\u00a0 \u00a0\u00a0 \u00a0\u00a0 \u00a0 Mit meiner rund 30-j\u00e4hrigen Berufserfahrung arbeite ich mit den neuesten Haarschnitttechniken und biete Ihnen eine individuelle und kreative Farb-, M\u00e8ches- und Typ-Beratung an. Meine Spezialit\u00e4ten sind nat\u00fcrliche und pflegeleichte Haarschnitte und Stylings f\u00fcr Damen, Herren und<\/p>\n","protected":false},"author":1,"featured_media":0,"parent":0,"menu_order":5,"comment_status":"closed","ping_status":"closed","template":"","meta":{"footnotes":""},"class_list":["post-36","page","type-page","status-publish","hentry"],"_links":{"self":[{"href":"https:\/\/haarakzent.ch\/index.php?rest_route=\/wp\/v2\/pages\/36","targetHints":{"allow":["GET"]}}],"collection":[{"href":"https:\/\/haarakzent.ch\/index.php?rest_route=\/wp\/v2\/pages"}],"about":[{"href":"https:\/\/haarakzent.ch\/index.php?rest_route=\/wp\/v2\/types\/page"}],"author":[{"embeddable":true,"href":"https:\/\/haarakzent.ch\/index.php?rest_route=\/wp\/v2\/users\/1"}],"replies":[{"embeddable":true,"href":"https:\/\/haarakzent.ch\/index.php?rest_route=%2Fwp%2Fv2%2Fcomments&post=36"}],"version-history":[{"count":1,"href":"https:\/\/haarakzent.ch\/index.php?rest_route=\/wp\/v2\/pages\/36\/revisions"}],"predecessor-version":[{"id":182,"href":"https:\/\/haarakzent.ch\/index.php?rest_route=\/wp\/v2\/pages\/36\/revisions\/182"}],"wp:attachment":[{"href":"https:\/\/haarakzent.ch\/index.php?rest_route=%2Fwp%2Fv2%2Fmedia&parent=36"}],"curies":[{"name":"wp","href":"https:\/\/api.w.org\/{rel}","templated":true}]}}